{"id":1384,"date":"2020-07-01T00:27:32","date_gmt":"2020-07-01T05:27:32","guid":{"rendered":"https:\/\/ue2azrwpavexprod01.azurewebsites.net\/?post_type=product&#038;p=1384"},"modified":"2020-07-03T07:44:49","modified_gmt":"2020-07-03T12:44:49","slug":"f5-security-pack-1","status":"publish","type":"product","link":"https:\/\/avex-lac.tdsynnex.com\/portugues\/produto\/f5-security-pack-1\/","title":{"rendered":"F5 Pacote de seguran\u00e7a 1"},"content":{"rendered":"","protected":false},"excerpt":{"rendered":"<p><strong>Inclui:<\/strong><\/p>\n<ul>\n<li>Configurando o F5 Advanced WAF v14.1<\/li>\n<li>Administrando o BIG IP v14.1<\/li>\n<\/ul>\n<p><strong>Complementos:<\/strong><\/p>\n<ul>\n<li style=\"list-style-type: none;\">\n<ul>\n<li>Voucher de certifica\u00e7\u00e3o + Guia do exame + Semin\u00e1rio b\u00e1sico de certifica\u00e7\u00e3o ou Curso comercial 2 horas<\/li>\n<\/ul>\n<\/li>\n<\/ul>\n<p><strong>Pa\u00edses onde \u00e9 ensinado:<\/strong><\/p>\n<ul>\n<li>Chile<\/li>\n<li>Col\u00f4mbia<\/li>\n<li>Argentina<\/li>\n<li>CCA<\/li>\n<li>Peru<\/li>\n<\/ul>","protected":false},"featured_media":1455,"comment_status":"closed","ping_status":"closed","template":"","meta":{"_seopress_robots_primary_cat":"none","_seopress_titles_title":"F5 | Security Pack 1 | AVEX - Academy Virtual Experience","_seopress_titles_desc":"","_seopress_robots_index":""},"product_cat":[72],"product_tag":[86,92,87,88,93,89,90,91,85,94],"class_list":{"0":"post-1384","1":"product","2":"type-product","3":"status-publish","4":"has-post-thumbnail","6":"product_cat-f5","7":"product_tag-academy-packs","8":"product_tag-argentina","9":"product_tag-avex","10":"product_tag-bigip","11":"product_tag-cca","12":"product_tag-certificacion","13":"product_tag-chile","14":"product_tag-colombia","15":"product_tag-f5","16":"product_tag-peru","18":"first","19":"instock","20":"sale","21":"virtual","22":"sold-individually","23":"purchasable","24":"product-type-simple"},"jetpack_publicize_connections":[],"_links":{"self":[{"href":"https:\/\/avex-lac.tdsynnex.com\/portugues\/wp-json\/wp\/v2\/product\/1384"}],"collection":[{"href":"https:\/\/avex-lac.tdsynnex.com\/portugues\/wp-json\/wp\/v2\/product"}],"about":[{"href":"https:\/\/avex-lac.tdsynnex.com\/portugues\/wp-json\/wp\/v2\/types\/product"}],"replies":[{"embeddable":true,"href":"https:\/\/avex-lac.tdsynnex.com\/portugues\/wp-json\/wp\/v2\/comments?post=1384"}],"wp:featuredmedia":[{"embeddable":true,"href":"https:\/\/avex-lac.tdsynnex.com\/portugues\/wp-json\/wp\/v2\/media\/1455"}],"wp:attachment":[{"href":"https:\/\/avex-lac.tdsynnex.com\/portugues\/wp-json\/wp\/v2\/media?parent=1384"}],"wp:term":[{"taxonomy":"product_cat","embeddable":true,"href":"https:\/\/avex-lac.tdsynnex.com\/portugues\/wp-json\/wp\/v2\/product_cat?post=1384"},{"taxonomy":"product_tag","embeddable":true,"href":"https:\/\/avex-lac.tdsynnex.com\/portugues\/wp-json\/wp\/v2\/product_tag?post=1384"}],"curies":[{"name":"wp","href":"https:\/\/api.w.org\/{rel}","templated":true}]}}